{"id":3,"date":"2022-11-12T07:04:35","date_gmt":"2022-11-12T07:04:35","guid":{"rendered":"http:\/\/demo-install.wpestate.org\/?page_id=3"},"modified":"2023-06-07T17:51:45","modified_gmt":"2023-06-07T17:51:45","slug":"politica-de-privacidade","status":"publish","type":"page","link":"https:\/\/quintadocouco.pt\/fr\/politica-de-privacidade\/","title":{"rendered":"Politique de Confidentialit\u00e9"},"content":{"rendered":"<div data-elementor-type=\"wp-page\" data-elementor-id=\"3\" class=\"elementor elementor-3\">\n\t\t\t\t\t\t\t\t\t<section class=\"elementor-section elementor-top-section elementor-element elementor-element-dd17abc elementor-section-boxed elementor-section-height-default elementor-section-height-default\" data-id=\"dd17abc\" data-element_type=\"section\">\n\t\t\t\t\t\t<div class=\"elementor-container elementor-column-gap-default\">\n\t\t\t\t\t<div class=\"elementor-column elementor-col-100 elementor-top-column elementor-element elementor-element-fde4d22\" data-id=\"fde4d22\" data-element_type=\"column\">\n\t\t\t<div class=\"elementor-widget-wrap elementor-element-populated\">\n\t\t\t\t\t\t\t\t<div class=\"elementor-element elementor-element-17b3b17 elementor-widget elementor-widget-text-editor\" data-id=\"17b3b17\" data-element_type=\"widget\" data-widget_type=\"text-editor.default\">\n\t\t\t\t<div class=\"elementor-widget-container\">\n\t\t\t<style>\/*! elementor - v3.13.3 - 22-05-2023 *\/\n.elementor-widget-text-editor.elementor-drop-cap-view-stacked .elementor-drop-cap{background-color:#69727d;color:#fff}.elementor-widget-text-editor.elementor-drop-cap-view-framed .elementor-drop-cap{color:#69727d;border:3px solid;background-color:transparent}.elementor-widget-text-editor:not(.elementor-drop-cap-view-default) .elementor-drop-cap{margin-top:8px}.elementor-widget-text-editor:not(.elementor-drop-cap-view-default) .elementor-drop-cap-letter{width:1em;height:1em}.elementor-widget-text-editor .elementor-drop-cap{float:left;text-align:center;line-height:1;font-size:50px}.elementor-widget-text-editor .elementor-drop-cap-letter{display:inline-block}<\/style>\t\t\t\t<li dir=\"ltr\" style=\"list-style-type: decimal; font-size: 13pt; font-family: Calibri,sans-serif; color: #002060; background-color: transparent; font-weight: bold; font-style: normal; font-variant: normal; text-decoration: none; vertical-align: baseline; white-space: pre;\" aria-level=\"1\"><span style=\"font-size: 13pt; font-family: Calibri,sans-serif; color: #002060; background-color: transparent; font-weight: bold; font-style: normal; font-variant: normal; text-decoration: none; vertical-align: baseline; white-space: pre-wrap;\">A PROTE\u00c7\u00c3O DA PRIVACIDADE DOS DADOS PESSOAIS DOS UTILIZADORES \u00c9 UMA PRIORIDADE PARA A QUINTA DO COU\u00c7O.\u00a0<\/span><\/li>\n<p dir=\"ltr\" style=\"line-height: 1.295; text-align: justify; margin-top: 0pt; margin-bottom: 8pt;\"><span style=\"font-size: 12pt; font-family: Calibri,sans-serif; color: #000000; background-color: transparent; font-weight: 400; font-style: normal; font-variant: normal; text-decoration: none; vertical-align: baseline; white-space: pre-wrap;\">A Quinta do Cou\u00e7o det\u00e9m o compromisso de proteger a privacidade dos dados pessoais dos seus clientes e utilizadores.<\/span><\/p>\n\n \t<li dir=\"ltr\" style=\"list-style-type: decimal; font-size: 13pt; font-family: Calibri,sans-serif; color: #002060; background-color: transparent; font-weight: bold; font-style: normal; font-variant: normal; text-decoration: none; vertical-align: baseline; white-space: pre;\" aria-level=\"1\">\n<p dir=\"ltr\" style=\"line-height: 1.295; margin-top: 0pt; margin-bottom: 8pt;\" role=\"presentation\"><span style=\"font-size: 13pt; font-family: Calibri,sans-serif; color: #002060; background-color: transparent; font-weight: bold; font-style: normal; font-variant: normal; text-decoration: none; vertical-align: baseline; white-space: pre-wrap;\">REGULAMENTO GERAL SOBRE A PROTE\u00c7\u00c3O DE DADOS.<\/span><\/p>\n\n<p dir=\"ltr\" style=\"line-height: 1.295; text-align: justify; margin-top: 0pt; margin-bottom: 8pt;\"><span style=\"font-size: 12pt; font-family: Calibri,sans-serif; color: #000000; background-color: transparent; font-weight: 400; font-style: normal; font-variant: normal; text-decoration: none; vertical-align: baseline; white-space: pre-wrap;\">O novo Regulamento Geral sobre a Prote\u00e7\u00e3o de Dados (RGPD) estabelece regras relativas ao tratamento de dados de pessoas provenientes da Uni\u00e3o Europeia (UE). Independentemente da tecnologia utilizada para o tratamento destes, o RGPD protege os dados pessoais, tanto no tratamento automatizado como no tratamento manual.<\/span><\/p>\n<p dir=\"ltr\" style=\"line-height: 1.295; text-align: justify; margin-top: 0pt; margin-bottom: 8pt;\"><span style=\"font-size: 12pt; font-family: Calibri,sans-serif; color: #000000; background-color: transparent; font-weight: 400; font-style: normal; font-variant: normal; text-decoration: none; vertical-align: baseline; white-space: pre-wrap;\">\u00c9 irrelevante o modo como os dados pessoais s\u00e3o armazenados. Contudo, os mesmos est\u00e3o sujeitos aos requisitos de prote\u00e7\u00e3o previstos no RGPD.<\/span><\/p>\n\n<p dir=\"ltr\" style=\"line-height: 1.295; margin-top: 0pt; margin-bottom: 8pt;\"><span style=\"font-size: 13pt; font-family: Calibri,sans-serif; color: #002060; background-color: transparent; font-weight: bold; font-style: normal; font-variant: normal; text-decoration: none; vertical-align: baseline; white-space: pre-wrap;\">\u00a0\u00a0\u00a0\u00a0\u00a0\u00a0\u00a0\u00a0\u00a0\u00a0\u00a0\u00a02.1. O QUE S\u00c3O DADOS PESSOAIS?<\/span><\/p>\n<p dir=\"ltr\" style=\"line-height: 1.295; text-align: justify; margin-top: 0pt; margin-bottom: 8pt;\"><span style=\"font-size: 12pt; font-family: Calibri,sans-serif; color: #000000; background-color: transparent; font-weight: 400; font-style: normal; font-variant: normal; text-decoration: none; vertical-align: baseline; white-space: pre-wrap;\">Dados pessoais s\u00e3o toda a informa\u00e7\u00e3o, de qualquer natureza e independentemente do respectivo suporte, incluindo som e imagem, relativa a uma pessoa singular identificada ou identific\u00e1vel.<\/span><\/p>\n<p dir=\"ltr\" style=\"line-height: 1.295; text-align: justify; margin-top: 0pt; margin-bottom: 8pt;\"><span style=\"font-size: 12pt; font-family: Calibri,sans-serif; color: #000000; background-color: transparent; font-weight: 400; font-style: normal; font-variant: normal; text-decoration: none; vertical-align: baseline; white-space: pre-wrap;\">\u00c9 considerada identific\u00e1vel a pessoa singular que possa ser identificada, direta ou indiretamente, designadamente por refer\u00eancia a um nome, n\u00famero de identifica\u00e7\u00e3o, dados de localiza\u00e7\u00e3o, identificadores por via eletr\u00f3nica ou a um ou mais elementos espec\u00edficos da sua identidade f\u00edsica, fisiol\u00f3gica, gen\u00e9tica, mental, econ\u00f3mica, cultural ou social.<\/span><\/p>\n<b style=\"font-weight: normal;\">\u00a0<\/b>\n<p dir=\"ltr\" style=\"line-height: 1.295; margin-top: 0pt; margin-bottom: 8pt;\"><span style=\"font-size: 13pt; font-family: Calibri,sans-serif; color: #002060; background-color: transparent; font-weight: bold; font-style: normal; font-variant: normal; text-decoration: none; vertical-align: baseline; white-space: pre-wrap;\">\u00a0\u00a0\u00a0\u00a0\u00a0\u00a0\u00a0\u00a02.2. QUEM \u00c9 O RESPONS\u00c1VEL PELO TRATAMENTO DE DADOS?<\/span><\/p>\n<p dir=\"ltr\" style=\"line-height: 1.295; text-align: justify; margin-top: 0pt; margin-bottom: 8pt;\"><span style=\"font-size: 12pt; font-family: Calibri,sans-serif; color: #000000; background-color: transparent; font-weight: 400; font-style: normal; font-variant: normal; text-decoration: none; vertical-align: baseline; white-space: pre-wrap;\">A Quinta do Cou\u00e7o, com sede no lugar de Fri\u00e3es, 4540-462 Moldes- Arouca, pessoa coletiva 515940330, de natureza jur\u00eddica sociedade por quotas, \u00e9 a respons\u00e1vel pelo tratamento de dados pessoais, no \u00e2mbito do RGPD.<\/span><\/p>\n<b style=\"font-weight: normal;\">\u00a0<\/b>\n<p dir=\"ltr\" style=\"line-height: 1.295; margin-top: 0pt; margin-bottom: 8pt;\"><span style=\"font-size: 13pt; font-family: Calibri,sans-serif; color: #002060; background-color: transparent; font-weight: bold; font-style: normal; font-variant: normal; text-decoration: none; vertical-align: baseline; white-space: pre-wrap;\">\u00a0\u00a0\u00a0\u00a0\u00a0\u00a0\u00a0\u00a02.3. TRATAMENTO DE DADOS PESSOAIS, \u00c2MBITO E ALTERA\u00c7\u00c3O DA POL\u00cdTICA DE PRIVACIDADE<\/span><\/p>\n<p dir=\"ltr\" style=\"line-height: 1.295; text-align: justify; margin-top: 0pt; margin-bottom: 8pt;\"><span style=\"font-size: 12pt; font-family: Calibri,sans-serif; color: #000000; background-color: transparent; font-weight: 400; font-style: normal; font-variant: normal; text-decoration: none; vertical-align: baseline; white-space: pre-wrap;\">Ao disponibilizar os dados pessoais \u00e0 Quinta do Cou\u00e7o, o utilizador consente que os mesmos sejam tratados de acordo com a presente Pol\u00edtica de Privacidade e com as regras e princ\u00edpios constantes nos Termos e Condi\u00e7\u00f5es das Plataformas Digitais da entidade.<\/span><\/p>\n<p dir=\"ltr\" style=\"line-height: 1.295; text-align: justify; margin-top: 0pt; margin-bottom: 8pt;\"><span style=\"font-size: 12pt; font-family: Calibri,sans-serif; color: #000000; background-color: transparent; font-weight: 400; font-style: normal; font-variant: normal; text-decoration: none; vertical-align: baseline; white-space: pre-wrap;\">A entidade procede ao tratamento dos dados pessoais dos seus utilizadores mediante o consentimento dos mesmos. Compromete-se a trat\u00e1-los de forma a garantir a confidencialidade, a seguran\u00e7a e a prote\u00e7\u00e3o desses dados contra o seu tratamento n\u00e3o autorizado ou il\u00edcito e ainda contra a sua perda, destrui\u00e7\u00e3o ou dano.<\/span><\/p>\n<b style=\"font-weight: normal;\">\u00a0<\/b>\n<p dir=\"ltr\" style=\"line-height: 1.295; margin-top: 0pt; margin-bottom: 8pt;\"><span style=\"font-size: 13pt; font-family: Calibri,sans-serif; color: #002060; background-color: transparent; font-weight: bold; font-style: normal; font-variant: normal; text-decoration: none; vertical-align: baseline; white-space: pre-wrap;\">3. INFORMA\u00c7\u00c3O PESSOAL RECOLHIDA<\/span><\/p>\n<p dir=\"ltr\" style=\"line-height: 1.295; text-align: justify; margin-top: 0pt; margin-bottom: 8pt;\"><span style=\"font-size: 12pt; font-family: Calibri,sans-serif; color: #000000; background-color: transparent; font-weight: 400; font-style: normal; font-variant: normal; text-decoration: none; vertical-align: baseline; white-space: pre-wrap;\">A informa\u00e7\u00e3o pessoal recolhida \u00e9 sempre fornecida voluntariamente pelos utilizadores do nosso website, desde o preenchimento de um formul\u00e1rio ou a subscri\u00e7\u00e3o da nossa newsletter. A informa\u00e7\u00e3o recolhida pode variar consoante as situa\u00e7\u00f5es e incluir, entre outros dados, o nome do utilizador, o seu email, endere\u00e7o e n\u00famero de telefone.<\/span><\/p>\n<p dir=\"ltr\" style=\"line-height: 1.295; text-align: justify; margin-top: 0pt; margin-bottom: 8pt;\"><span style=\"font-size: 12pt; font-family: Calibri,sans-serif; color: #000000; background-color: transparent; font-weight: 400; font-style: normal; font-variant: normal; text-decoration: none; vertical-align: baseline; white-space: pre-wrap;\">S\u00e3o ainda recolhidas informa\u00e7\u00f5es an\u00f3nimas quando os utilizadores visitam o website. Estas informa\u00e7\u00f5es podem incluir, a t\u00edtulo de exemplo, o modelo do aparelho, sistema operativo e browsers utilizados para aceder ao site, localiza\u00e7\u00e3o geogr\u00e1fica, dura\u00e7\u00e3o da visita e n\u00famero de p\u00e1gina visitadas, n\u00e3o sendo poss\u00edvel relacionar estes elementos a utilizadores individuais.<\/span><\/p>\n<b style=\"font-weight: normal;\">\u00a0<\/b>\n<p dir=\"ltr\" style=\"line-height: 1.295; margin-top: 0pt; margin-bottom: 8pt;\"><span style=\"font-size: 13pt; font-family: Calibri,sans-serif; color: #002060; background-color: transparent; font-weight: bold; font-style: normal; font-variant: normal; text-decoration: none; vertical-align: baseline; white-space: pre-wrap;\">\u00a0\u00a0\u00a0\u00a0\u00a0\u00a03.1.\u00a0 O QUE FAZEMOS COM A INFORMA\u00c7\u00c3O RECOLHIDA?\u00a0<\/span><\/p>\n<p dir=\"ltr\" style=\"line-height: 1.295; text-align: justify; margin-top: 0pt; margin-bottom: 8pt;\"><span style=\"font-size: 12pt; font-family: Calibri,sans-serif; color: #000000; background-color: transparent; font-weight: 400; font-style: normal; font-variant: normal; text-decoration: none; vertical-align: baseline; white-space: pre-wrap;\">Para que seja poss\u00edvel a presta\u00e7\u00e3o de servi\u00e7os e o envio de informa\u00e7\u00f5es aos nossos clientes necessitamos de tratar os dados pessoais de forma espec\u00edfica.\u00a0<\/span><\/p>\n<p dir=\"ltr\" style=\"line-height: 1.295; text-align: justify; margin-top: 0pt; margin-bottom: 8pt;\"><span style=\"font-size: 12pt; font-family: Calibri,sans-serif; color: #000000; background-color: transparent; font-weight: 400; font-style: normal; font-variant: normal; text-decoration: none; vertical-align: baseline; white-space: pre-wrap;\">Temos diferentes finalidades quando recolhemos os dados pessoais do cliente voltadas para a Gest\u00e3o do Cliente e a Presta\u00e7\u00e3o de Servi\u00e7o, a Gest\u00e3o Contabil\u00edstica, Fiscal e Administrativa e a vertente de Marketing e Vendas onde \u00e9 feita a gest\u00e3o de contactos, informa\u00e7\u00f5es ou pedidos; a gest\u00e3o de fatura\u00e7\u00e3o, cobran\u00e7a e pagamentos; a organiza\u00e7\u00e3o das atividades adequada aos requisitos e especificidades do cliente;\u00a0 a identifica\u00e7\u00e3o dos participantes nas atividades perante a Companhia de Seguros, para efeito de seguro de acidentes pessoais bem como a identifica\u00e7\u00e3o dos participantes das atividades perante entidades legais competentes em caso de fiscaliza\u00e7\u00e3o.<\/span><\/p>\n<p dir=\"ltr\" style=\"line-height: 1.295; text-align: justify; margin-top: 0pt; margin-bottom: 8pt;\"><span style=\"font-size: 12pt; font-family: Calibri,sans-serif; color: #000000; background-color: transparent; font-weight: 400; font-style: normal; font-variant: normal; text-decoration: none; vertical-align: baseline; white-space: pre-wrap;\">Na eventualidade de existir a necessidade de obter dados pessoais adicionais, para estas ou outras finalidades, teremos sempre o cuidado de comunicar essa situa\u00e7\u00e3o \u00e0 pessoa ou entidade em causa. Para isso, solicita-lhe sempre o seu consentimento e presta-lhe toda a informa\u00e7\u00e3o necess\u00e1ria para a mesma compreender o motivo e as condi\u00e7\u00f5es do tratamento.<\/span><\/p>\n<b style=\"font-weight: normal;\">\u00a0<\/b>\n<p dir=\"ltr\" style=\"line-height: 1.295; margin-top: 0pt; margin-bottom: 8pt;\"><span style=\"font-size: 13pt; font-family: Calibri,sans-serif; color: #002060; background-color: transparent; font-weight: bold; font-style: normal; font-variant: normal; text-decoration: none; vertical-align: baseline; white-space: pre-wrap;\">4. O QUE S\u00c3O OS \u201cCOOKIES\u201d E COMO UTILIZ\u00c1MOS.<\/span><\/p>\n<p dir=\"ltr\" style=\"line-height: 1.295; margin-top: 0pt; margin-bottom: 8pt;\"><span style=\"font-size: 12pt; font-family: Calibri,sans-serif; color: #000000; background-color: transparent; font-weight: 400; font-style: normal; font-variant: normal; text-decoration: none; vertical-align: baseline; white-space: pre-wrap;\">Os cookies s\u00e3o pequenos ficheiros colocados no browser dos utilizadores quando estes visitam o nosso Website. Os cookies recolhem apenas informa\u00e7\u00e3o an\u00f3nima, n\u00e3o permitindo aceder ao computador dos utilizadores ou a qualquer informa\u00e7\u00e3o pessoal.<\/span><\/p>\n<p dir=\"ltr\" style=\"line-height: 1.295; margin-top: 0pt; margin-bottom: 8pt;\"><span style=\"font-size: 13pt; font-family: Calibri,sans-serif; color: #000000; background-color: transparent; font-weight: bold; font-style: normal; font-variant: normal; text-decoration: none; vertical-align: baseline; white-space: pre-wrap;\">Os cookies podem ser:<\/span><\/p>\n<p dir=\"ltr\" style=\"line-height: 1.295; text-align: justify; margin-top: 0pt; margin-bottom: 8pt;\"><span style=\"font-size: 12pt; font-family: Calibri,sans-serif; color: #000000; background-color: transparent; font-weight: 400; font-style: normal; font-variant: normal; text-decoration: none; vertical-align: baseline; white-space: pre-wrap;\">Cookies de sess\u00e3o \u2013 S\u00e3o tempor\u00e1rios, permanecem no browser do utilizador at\u00e9 ele sair do Website e permitem obter informa\u00e7\u00e3o estat\u00edstica sobre o comportamento dos utilizadores durante a visita.<\/span><\/p>\n<p dir=\"ltr\" style=\"line-height: 1.295; text-align: justify; margin-top: 0pt; margin-bottom: 8pt;\"><span style=\"font-size: 12pt; font-family: Calibri,sans-serif; color: #000000; background-color: transparent; font-weight: 400; font-style: normal; font-variant: normal; text-decoration: none; vertical-align: baseline; white-space: pre-wrap;\">Cookies permanentes -Ficam armazenados no browser do utilizador at\u00e9 serem apagados ou expirarem o seu prazo e s\u00e3o utilizados sempre que ele efetuar uma nova visita ao Website para reconhecer o utilizador.<\/span><\/p>\n<p dir=\"ltr\" style=\"line-height: 1.295; text-align: justify; margin-top: 0pt; margin-bottom: 8pt;\"><span style=\"font-size: 12pt; font-family: Calibri,sans-serif; color: #000000; background-color: transparent; font-weight: 400; font-style: normal; font-variant: normal; text-decoration: none; vertical-align: baseline; white-space: pre-wrap;\">A Quinta do Cou\u00e7o utiliza:<\/span><\/p>\n<p dir=\"ltr\" style=\"line-height: 1.295; text-align: justify; margin-top: 0pt; margin-bottom: 8pt;\"><span style=\"font-size: 12pt; font-family: Calibri,sans-serif; color: #000000; background-color: transparent; font-weight: 400; font-style: normal; font-variant: normal; text-decoration: none; vertical-align: baseline; white-space: pre-wrap;\">Cookies anal\u00edticos \u2013 que recolhem informa\u00e7\u00e3o estat\u00edstica an\u00f3nima que ajuda a perceber a forma como os utilizadores utilizam o Website.<\/span><\/p>\n<p dir=\"ltr\" style=\"line-height: 1.295; text-align: justify; margin-top: 0pt; margin-bottom: 8pt;\"><span style=\"font-size: 12pt; font-family: Calibri,sans-serif; color: #000000; background-color: transparent; font-weight: 400; font-style: normal; font-variant: normal; text-decoration: none; vertical-align: baseline; white-space: pre-wrap;\">Cookies de funcionalidade \u2013para armazenar informa\u00e7\u00e3o fornecida pelo utilizador (por exemplo aquando da inser\u00e7\u00e3o de dados em formul\u00e1rios, para evitar que a mesma tenha de ser submetida de cada vez que o utilizador pretende realizar determinadas a\u00e7\u00f5es.)<\/span><\/p>\n<p dir=\"ltr\" style=\"line-height: 1.295; text-align: justify; margin-top: 0pt; margin-bottom: 8pt;\"><span style=\"font-size: 12pt; font-family: Calibri,sans-serif; color: #000000; background-color: transparent; font-weight: 400; font-style: normal; font-variant: normal; text-decoration: none; vertical-align: baseline; white-space: pre-wrap;\">Cookies de publicidade \u2013 para medir a efic\u00e1cia da nossa publicidade e nos ajudar a tomar decis\u00f5es sobre a forma como a otimizar em fun\u00e7\u00e3o das prefer\u00eancias e comportamentos dos utilizadores.<\/span><\/p>\n<b style=\"font-weight: normal;\">\u00a0<\/b>\n<p dir=\"ltr\" style=\"line-height: 1.295; margin-top: 0pt; margin-bottom: 8pt;\"><span style=\"font-size: 13pt; font-family: Calibri,sans-serif; color: #002060; background-color: transparent; font-weight: bold; font-style: normal; font-variant: normal; text-decoration: none; vertical-align: baseline; white-space: pre-wrap;\">5) LINKS PARA SITES TERCEIROS<\/span><\/p>\n<p dir=\"ltr\" style=\"line-height: 1.295; text-align: justify; margin-top: 0pt; margin-bottom: 8pt;\"><span style=\"font-size: 12pt; font-family: Calibri,sans-serif; color: #000000; background-color: transparent; font-weight: 400; font-style: normal; font-variant: normal; text-decoration: none; vertical-align: baseline; white-space: pre-wrap;\">Este Website pode conter links para outros sites de interesse. N\u00e3o possu\u00edmos qualquer forma de controlar a forma como esses sites recolhem e tratam a informa\u00e7\u00e3o dos seus utilizadores.<\/span><\/p>\n<b style=\"font-weight: normal;\">\u00a0<\/b>\n<p dir=\"ltr\" style=\"line-height: 1.295; margin-top: 0pt; margin-bottom: 8pt;\"><span style=\"font-size: 13pt; font-family: Calibri,sans-serif; color: #002060; background-color: transparent; font-weight: bold; font-style: normal; font-variant: normal; text-decoration: none; vertical-align: baseline; white-space: pre-wrap;\">6) SEGURAN\u00c7A DA INFORMA\u00c7\u00c3O RECOLHIDA\u00a0<\/span><\/p>\n<p dir=\"ltr\" style=\"line-height: 1.295; text-align: justify; margin-top: 0pt; margin-bottom: 8pt;\"><span style=\"font-size: 12pt; font-family: Calibri,sans-serif; color: #000000; background-color: transparent; font-weight: 400; font-style: normal; font-variant: normal; text-decoration: none; vertical-align: baseline; white-space: pre-wrap;\">Adotamos as a\u00e7\u00f5es apropriadas na recolha, armazenamento e processamento da informa\u00e7\u00e3o e toma todas as precau\u00e7\u00f5es t\u00e9cnicas e organizacionais consideradas necess\u00e1rias para evitar acessos n\u00e3o autorizados \u00e0 informa\u00e7\u00e3o fornecida pelos nossos utilizadores, incluindo o alojamento em servidores e a encripta\u00e7\u00e3o das comunica\u00e7\u00f5es atrav\u00e9s da tecnologia SSL.<\/span><\/p>\n<b style=\"font-weight: normal;\">\u00a0<\/b>\n<p dir=\"ltr\" style=\"line-height: 1.295; margin-top: 0pt; margin-bottom: 8pt;\"><span style=\"font-size: 13pt; font-family: Calibri,sans-serif; color: #002060; background-color: transparent; font-weight: bold; font-style: normal; font-variant: normal; text-decoration: none; vertical-align: baseline; white-space: pre-wrap;\">7) ALTERA\u00c7\u00d5ES \u00c0 POL\u00cdTICA DE PRIVACIDADE E COOKIES\u00a0<\/span><\/p>\n<p dir=\"ltr\" style=\"line-height: 1.295; text-align: justify; margin-top: 0pt; margin-bottom: 8pt;\"><span style=\"font-size: 12pt; font-family: Calibri,sans-serif; color: #000000; background-color: transparent; font-weight: 400; font-style: normal; font-variant: normal; text-decoration: none; vertical-align: baseline; white-space: pre-wrap;\">A Quinta do Cou\u00e7o reserva-se no direito de proceder a altera\u00e7\u00f5es \u00e0 nossa pol\u00edtica de privacidade e cookies, pelo que poder\u00e1 vir a notificar os utilizadores por email nessa eventualidade e recomenda a visita a esta p\u00e1gina.<\/span><\/p>\n<b style=\"font-weight: normal;\">\u00a0<\/b>\n<p dir=\"ltr\" style=\"line-height: 1.295; margin-top: 0pt; margin-bottom: 8pt;\"><span style=\"font-size: 13pt; font-family: Calibri,sans-serif; color: #002060; background-color: transparent; font-weight: bold; font-style: normal; font-variant: normal; text-decoration: none; vertical-align: baseline; white-space: pre-wrap;\">8) CONSENTIMENTO, RETIFICA\u00c7\u00c3O E OPOSI\u00c7\u00c3O<\/span><\/p>\n<p dir=\"ltr\" style=\"line-height: 1.295; margin-top: 0pt; margin-bottom: 8pt;\"><span style=\"font-size: 12pt; font-family: Calibri,sans-serif; color: #000000; background-color: transparent; font-weight: 400; font-style: normal; font-variant: normal; text-decoration: none; vertical-align: baseline; white-space: pre-wrap;\">O uso deste Website pressup\u00f5e a aceita\u00e7\u00e3o da sua pol\u00edtica de privacidade &amp; cookies. Se tiver d\u00favidas sobre a nossa pol\u00edtica de privacidade, pretender retificar os dados fornecidos ou solicitar a sua elimina\u00e7\u00e3o, mesmo depois de nos ter fornecido, por favor contacte-nos.<\/span><\/p>\n<b style=\"font-weight: normal;\">\u00a0<\/b>\n<p dir=\"ltr\" style=\"line-height: 1.295; margin-top: 0pt; margin-bottom: 8pt;\"><span style=\"font-size: 13pt; font-family: Calibri,sans-serif; color: #002060; background-color: transparent; font-weight: bold; font-style: normal; font-variant: normal; text-decoration: none; vertical-align: baseline; white-space: pre-wrap;\">9) COMO PODE EXERCER OS SEUS DIREITOS?<\/span><\/p>\n<p dir=\"ltr\" style=\"line-height: 1.295; text-align: justify; margin-top: 0pt; margin-bottom: 8pt;\"><span style=\"font-size: 12pt; font-family: Calibri,sans-serif; color: #000000; background-color: transparent; font-weight: 400; font-style: normal; font-variant: normal; text-decoration: none; vertical-align: baseline; white-space: pre-wrap;\">Para qualquer altera\u00e7\u00e3o ou informa\u00e7\u00e3o a respeito do modo como tratamos os dados pessoais do utilizador, deve contactar a entidade atrav\u00e9s do e-mail quintadocouco2020@gmail.com.<\/span><\/p>\n<p dir=\"ltr\" style=\"line-height: 1.295; text-align: justify; margin-top: 0pt; margin-bottom: 8pt;\"><span style=\"font-size: 12pt; font-family: Calibri,sans-serif; color: #000000; background-color: transparent; font-weight: 400; font-style: normal; font-variant: normal; text-decoration: none; vertical-align: baseline; white-space: pre-wrap;\">Para apresentar reclama\u00e7\u00f5es, poder\u00e1 faz\u00ea-lo perante a Comiss\u00e3o Nacional de Prote\u00e7\u00e3o de Dados, a autoridade de controlo competente em Portugal. Para mais informa\u00e7\u00f5es, aceda a www.cnpd.pt.<\/span><\/p>\n&nbsp;\t\t\t\t\t\t<\/div>\n\t\t\t\t<\/div>\n\t\t\t\t\t<\/div>\n\t\t<\/div>\n\t\t\t\t\t\t\t<\/div>\n\t\t<\/section>\n\t\t\t\t\t\t\t<\/div>","protected":false},"excerpt":{"rendered":"<p>A PROTE\u00c7\u00c3O DA PRIVACIDADE DOS DADOS PESSOAIS DOS UTILIZADORES \u00c9 UMA PRIORIDADE PARA A QUINTA DO COU\u00c7O.&nbsp; A Quinta do Cou\u00e7o det\u00e9m o compromisso de proteger a privacidade dos dados pessoais dos seus clientes e utilizadores. REGULAMENTO GERAL SOBRE A PROTE\u00c7\u00c3O DE DADOS. O novo Regulamento Geral sobre a Prote\u00e7\u00e3o de Dados (RGPD) estabelece regras &#8230;<\/p>","protected":false},"author":1,"featured_media":0,"parent":0,"menu_order":0,"comment_status":"closed","ping_status":"closed","template":"gdpr_terms.php","meta":{"footnotes":""},"class_list":["post-3","page","type-page","status-publish","hentry"],"_links":{"self":[{"href":"https:\/\/quintadocouco.pt\/fr\/wp-json\/wp\/v2\/pages\/3","targetHints":{"allow":["GET"]}}],"collection":[{"href":"https:\/\/quintadocouco.pt\/fr\/wp-json\/wp\/v2\/pages"}],"about":[{"href":"https:\/\/quintadocouco.pt\/fr\/wp-json\/wp\/v2\/types\/page"}],"author":[{"embeddable":true,"href":"https:\/\/quintadocouco.pt\/fr\/wp-json\/wp\/v2\/users\/1"}],"replies":[{"embeddable":true,"href":"https:\/\/quintadocouco.pt\/fr\/wp-json\/wp\/v2\/comments?post=3"}],"version-history":[{"count":0,"href":"https:\/\/quintadocouco.pt\/fr\/wp-json\/wp\/v2\/pages\/3\/revisions"}],"wp:attachment":[{"href":"https:\/\/quintadocouco.pt\/fr\/wp-json\/wp\/v2\/media?parent=3"}],"curies":[{"name":"wp","href":"https:\/\/api.w.org\/{rel}","templated":true}]}}